{"id":11,"date":"2021-01-12T19:10:07","date_gmt":"2021-01-12T19:10:07","guid":{"rendered":"https:\/\/clubciclistaaranjuez.com\/wordpress\/?page_id=11"},"modified":"2025-05-22T09:06:57","modified_gmt":"2025-05-22T09:06:57","slug":"club-ciclista-cultural-real-sitio-de-aranjuez","status":"publish","type":"page","link":"https:\/\/clubciclistaaranjuez.com\/","title":{"rendered":"Club Ciclista Cultural Real Sitio de Aranjuez"},"content":{"rendered":"\r\n<figure class=\"wp-block-image size-medium is-style-default\"><img decoding=\"async\" loading=\"lazy\" class=\"alignnone size-medium wp-image-174\" src=\"https:\/\/clubciclistaaranjuez.com\/wp-content\/uploads\/2025\/05\/cropped-PHOTO-2024-09-22-11-28-27-300x194.jpg\" alt=\"\" width=\"300\" height=\"194\" srcset=\"https:\/\/clubciclistaaranjuez.com\/wp-content\/uploads\/2025\/05\/cropped-PHOTO-2024-09-22-11-28-27-300x194.jpg 300w, https:\/\/clubciclistaaranjuez.com\/wp-content\/uploads\/2025\/05\/cropped-PHOTO-2024-09-22-11-28-27-1024x662.jpg 1024w, https:\/\/clubciclistaaranjuez.com\/wp-content\/uploads\/2025\/05\/cropped-PHOTO-2024-09-22-11-28-27-768x497.jpg 768w, https:\/\/clubciclistaaranjuez.com\/wp-content\/uploads\/2025\/05\/cropped-PHOTO-2024-09-22-11-28-27.jpg 1486w\" sizes=\"(max-width: 300px) 100vw, 300px\" \/><\/figure>\r\n\r\n\r\n\r\n<p>El Club Ciclista Cultural del Real Sitio de Aranjuez, fundado \u00a0en el a\u00f1o 1991, ha superado recientemente el cuarto de siglo de existencia. Por este motivo recibi\u00f3 durante la Gala del Ciclismo Madrile\u00f1o de 2017 de la Federaci\u00f3n Madrile\u00f1a de Ciclismo, de manos de su Presidente D. Francisco Javier Fern\u00e1ndez Alba,\u00a0 un premio \u201cMenci\u00f3n Especial\u201d a la trayectoria de estos \u00faltimos 25 a\u00f1os.<\/p>\r\n\r\n\r\n\r\n<p>Desde su inicio nuestra vocaci\u00f3n se ha mantenido firme: fomentar y practicar el deporte que nos apasiona entre los ciudadanos de Aranjuez. Para ello, se ha dise\u00f1ado un calendario de salidas denominadas, \u00a0<strong>Oficiales<\/strong>, de la Temporada (puntuables para la clasificaci\u00f3n del Club), y\u00a0<strong>Programadas<\/strong>\u00a0(no puntuables). Con un recorrido de entre 70 y 150 km, en funci\u00f3n de la \u00e9poca del a\u00f1o, transcurren por las carreteras de nuestra Comarca, Sur de Madrid y Norte de Toledo. Partimos todos los domingos de la Pza. De la Constituci\u00f3n (Ayuntamiento) de Aranjuez. El horario y recorrido de cada etapa puedes consultarlo en la pesta\u00f1a \u201cCalendario\u201d de nuestra Web.<\/p>\r\n\r\n\r\n\r\n<p>Adem\u00e1s nuestra actividad se desarrolla con otras salidas, denominadas\u00a0<strong>Especiales<\/strong>, con diferentes rutas y recorridos por otras zonas de Espa\u00f1a; y con la participaci\u00f3n en las principales marchas Cicloturistas y carreras organizadas en el territorio nacional.<\/p>\r\n\r\n\r\n\r\n<p>Si est\u00e1s interesado y quieres pedalear en buena compa\u00f1\u00eda, no dudes en ponerte en contacto con nosotros. Puedes hacerlo a trav\u00e9s del mail\u00a0<a href=\"mailto:info@clubciclistaaranjuez.com\">info@clubciclistaaranjuez.com<\/a>. O telef\u00f3nicamente en los siguientes n\u00fameros:<\/p>\r\n\r\n\r\n\r\n<p>Andr\u00e9s Colodr\u00f3n \u2013 Presidente \u2013 654.83.05.96<\/p>\r\n\r\n\r\n\r\n<p>Felipe Camacho \u2013 Dtor. Deportivo \u2013 606.825.389<\/p>\r\n\r\n\r\n\r\n<p>Hasta pronto!<\/p>\r\n","protected":false},"excerpt":{"rendered":"<p>El Club Ciclista Cultural del Real Sitio de Aranjuez, fundado \u00a0en el a\u00f1o 1991, ha superado recientemente el cuarto de<\/p>\n","protected":false},"author":2,"featured_media":0,"parent":0,"menu_order":0,"comment_status":"closed","ping_status":"closed","template":"","meta":{"colormag_page_layout":"default_layout"},"_links":{"self":[{"href":"https:\/\/clubciclistaaranjuez.com\/index.php\/wp-json\/wp\/v2\/pages\/11"}],"collection":[{"href":"https:\/\/clubciclistaaranjuez.com\/index.php\/wp-json\/wp\/v2\/pages"}],"about":[{"href":"https:\/\/clubciclistaaranjuez.com\/index.php\/wp-json\/wp\/v2\/types\/page"}],"author":[{"embeddable":true,"href":"https:\/\/clubciclistaaranjuez.com\/index.php\/wp-json\/wp\/v2\/users\/2"}],"replies":[{"embeddable":true,"href":"https:\/\/clubciclistaaranjuez.com\/index.php\/wp-json\/wp\/v2\/comments?post=11"}],"version-history":[{"count":6,"href":"https:\/\/clubciclistaaranjuez.com\/index.php\/wp-json\/wp\/v2\/pages\/11\/revisions"}],"predecessor-version":[{"id":189,"href":"https:\/\/clubciclistaaranjuez.com\/index.php\/wp-json\/wp\/v2\/pages\/11\/revisions\/189"}],"wp:attachment":[{"href":"https:\/\/clubciclistaaranjuez.com\/index.php\/wp-json\/wp\/v2\/media?parent=11"}],"curies":[{"name":"wp","href":"https:\/\/api.w.org\/{rel}","templated":true}]}}